{"id":91,"date":"2021-04-22T16:59:58","date_gmt":"2021-04-22T16:59:58","guid":{"rendered":"https:\/\/attilaszekely.com\/introduction\/"},"modified":"2021-06-02T14:28:20","modified_gmt":"2021-06-02T14:28:20","slug":"introduction","status":"publish","type":"page","link":"https:\/\/attilaszekely.com\/en\/introduction\/","title":{"rendered":"Introduction"},"content":{"rendered":"\t\t<div data-elementor-type=\"wp-page\" data-elementor-id=\"91\" class=\"elementor elementor-91 elementor-30\" data-elementor-post-type=\"page\">\n\t\t\t\t\t\t<section class=\"elementor-section elementor-top-section elementor-element elementor-element-6520db6 elementor-section-boxed elementor-section-height-default elementor-section-height-default\" data-id=\"6520db6\" data-element_type=\"section\" data-e-type=\"section\">\n\t\t\t\t\t\t<div class=\"elementor-container elementor-column-gap-wider\">\n\t\t\t\t\t<div class=\"elementor-column elementor-col-50 elementor-top-column elementor-element elementor-element-14f9e5c\" data-id=\"14f9e5c\" data-element_type=\"column\" data-e-type=\"column\">\n\t\t\t<div class=\"elementor-widget-wrap elementor-element-populated\">\n\t\t\t\t\t\t<div class=\"elementor-element elementor-element-be96695 elementor-widget elementor-widget-text-editor\" data-id=\"be96695\" data-element_type=\"widget\" data-e-type=\"widget\" data-widget_type=\"text-editor.default\">\n\t\t\t\t<div class=\"elementor-widget-container\">\n\t\t\t\t\t\t\t\t\t<p>I started my legal activity in Hungary in 2009 after completing my undergraduate law studies in Hungary, my postgraduate law studies in Amsterdam (LL.M) and spending a few years of work experience in Latin America. I obtained the necessary skills in a market-leading law firm, then in 2015, as a lawyer registered in the Budapest Bar Association, I started my practice independently as well as in cooperation with international law firms.<\/p>\n<p>I can perform my work not only in Hungarian and English, but also in Spanish at a native level, thus providing a unique service to the Spanish-speaking community in Hungary.<\/p>\n<p>My clients primarily belong to the SME sector (small and medium-sized enterprises) for which I provide full legal support in company law, labor law, property law (residential, industrial and office real estate sales, leases), M&amp;A, banking and financial law matters.<\/p>\n<p>I also provide legal assistance to private persons in civil, commercial and property matters (sale, purchase, lease).<\/p><p>I also undertake legal work related to investments in the energy and waste industry.<\/p>\t\t\t\t\t\t\t\t<\/div>\n\t\t\t\t<\/div>\n\t\t\t\t<div class=\"elementor-element elementor-element-55e78bb elementor-widget elementor-widget-button\" data-id=\"55e78bb\" data-element_type=\"widget\" data-e-type=\"widget\" data-widget_type=\"button.default\">\n\t\t\t\t<div class=\"elementor-widget-container\">\n\t\t\t\t\t\t\t\t\t<div class=\"elementor-button-wrapper\">\n\t\t\t\t\t<a class=\"elementor-button elementor-button-link elementor-size-sm\" href=\"https:\/\/attilaszekely.com\/en\/contact\/\">\n\t\t\t\t\t\t<span class=\"elementor-button-content-wrapper\">\n\t\t\t\t\t\t<span class=\"elementor-button-icon\">\n\t\t\t\t<i aria-hidden=\"true\" class=\"far fa-paper-plane\"><\/i>\t\t\t<\/span>\n\t\t\t\t\t\t\t\t\t<span class=\"elementor-button-text\">CONTACT<\/span>\n\t\t\t\t\t<\/span>\n\t\t\t\t\t<\/a>\n\t\t\t\t<\/div>\n\t\t\t\t\t\t\t\t<\/div>\n\t\t\t\t<\/div>\n\t\t\t\t\t<\/div>\n\t\t<\/div>\n\t\t\t\t<div class=\"elementor-column elementor-col-50 elementor-top-column elementor-element elementor-element-f50f9b0\" data-id=\"f50f9b0\" data-element_type=\"column\" data-e-type=\"column\">\n\t\t\t<div class=\"elementor-widget-wrap elementor-element-populated\">\n\t\t\t\t\t\t<div class=\"elementor-element elementor-element-fd6e823 elementor-widget elementor-widget-image\" data-id=\"fd6e823\" data-element_type=\"widget\" data-e-type=\"widget\" data-widget_type=\"image.default\">\n\t\t\t\t<div class=\"elementor-widget-container\">\n\t\t\t\t\t\t\t\t\t\t\t\t\t\t\t<img fetchpriority=\"high\" decoding=\"async\" width=\"667\" height=\"1000\" src=\"https:\/\/attilaszekely.com\/wp-content\/uploads\/2021\/04\/szekely-attila-irodavezeto-ugyved.jpg\" class=\"attachment-large size-large wp-image-74\" alt=\"Jogi h\u00e1tt\u00e9rrel t\u00e1mogatott dubai\ningatlan v\u00e1s\u00e1rl\u00e1s\" srcset=\"https:\/\/attilaszekely.com\/wp-content\/uploads\/2021\/04\/szekely-attila-irodavezeto-ugyved.jpg 667w, https:\/\/attilaszekely.com\/wp-content\/uploads\/2021\/04\/szekely-attila-irodavezeto-ugyved-200x300.jpg 200w\" sizes=\"(max-width: 667px) 100vw, 667px\" \/>\t\t\t\t\t\t\t\t\t\t\t\t\t\t\t<\/div>\n\t\t\t\t<\/div>\n\t\t\t\t\t<\/div>\n\t\t<\/div>\n\t\t\t\t\t<\/div>\n\t\t<\/section>\n\t\t\t\t<\/div>\n\t\t","protected":false},"excerpt":{"rendered":"<p>I started my legal activity in Hungary in 2009 after completing my undergraduate law studies in Hungary, my postgraduate law studies in Amsterdam (LL.M) and spending a few years of work experience in Latin America. I obtained the necessary skills in a market-leading law firm, then in 2015, as a lawyer registered in the Budapest &#8230; <a title=\"Introduction\" class=\"read-more\" href=\"https:\/\/attilaszekely.com\/en\/introduction\/\" aria-label=\"Read more about Introduction\">Read more<\/a><\/p>\n","protected":false},"author":5,"featured_media":0,"parent":0,"menu_order":0,"comment_status":"closed","ping_status":"closed","template":"elementor_header_footer","meta":{"footnotes":""},"class_list":["post-91","page","type-page","status-publish"],"yoast_head":"<!-- This site is optimized with the Yoast SEO Premium plugin v27.4 (Yoast SEO v27.4) - https:\/\/yoast.com\/product\/yoast-seo-premium-wordpress\/ -->\n<title>Introduction - Attila Szekely Legal<\/title>\n<meta name=\"robots\" content=\"index, follow, max-snippet:-1, max-image-preview:large, max-video-preview:-1\" \/>\n<link rel=\"canonical\" href=\"https:\/\/attilaszekely.com\/bemutatkozas\/\" \/>\n<meta property=\"og:locale\" content=\"en_US\" \/>\n<meta property=\"og:type\" content=\"article\" \/>\n<meta property=\"og:title\" content=\"Introduction\" \/>\n<meta property=\"og:description\" content=\"I started my legal activity in Hungary in 2009 after completing my undergraduate law studies in Hungary, my postgraduate law studies in Amsterdam (LL.M) and spending a few years of work experience in Latin America. I obtained the necessary skills in a market-leading law firm, then in 2015, as a lawyer registered in the Budapest ... Read more\" \/>\n<meta property=\"og:url\" content=\"https:\/\/attilaszekely.com\/bemutatkozas\/\" \/>\n<meta property=\"og:site_name\" content=\"Attila Szekely Legal\" \/>\n<meta property=\"article:modified_time\" content=\"2021-06-02T14:28:20+00:00\" \/>\n<meta property=\"og:image\" content=\"https:\/\/attilaszekely.com\/wp-content\/uploads\/2021\/04\/szekely-attila-irodavezeto-ugyved.jpg\" \/>\n<meta name=\"twitter:card\" content=\"summary_large_image\" \/>\n<meta name=\"twitter:label1\" content=\"Est. reading time\" \/>\n\t<meta name=\"twitter:data1\" content=\"1 minute\" \/>\n<script type=\"application\/ld+json\" class=\"yoast-schema-graph\">{\"@context\":\"https:\\\/\\\/schema.org\",\"@graph\":[{\"@type\":\"WebPage\",\"@id\":\"https:\\\/\\\/attilaszekely.com\\\/bemutatkozas\\\/\",\"url\":\"https:\\\/\\\/attilaszekely.com\\\/bemutatkozas\\\/\",\"name\":\"Introduction - Attila Szekely Legal\",\"isPartOf\":{\"@id\":\"https:\\\/\\\/attilaszekely.com\\\/#website\"},\"primaryImageOfPage\":{\"@id\":\"https:\\\/\\\/attilaszekely.com\\\/bemutatkozas\\\/#primaryimage\"},\"image\":{\"@id\":\"https:\\\/\\\/attilaszekely.com\\\/bemutatkozas\\\/#primaryimage\"},\"thumbnailUrl\":\"https:\\\/\\\/attilaszekely.com\\\/wp-content\\\/uploads\\\/2021\\\/04\\\/szekely-attila-irodavezeto-ugyved.jpg\",\"datePublished\":\"2021-04-22T16:59:58+00:00\",\"dateModified\":\"2021-06-02T14:28:20+00:00\",\"breadcrumb\":{\"@id\":\"https:\\\/\\\/attilaszekely.com\\\/bemutatkozas\\\/#breadcrumb\"},\"inLanguage\":\"en-US\",\"potentialAction\":[{\"@type\":\"ReadAction\",\"target\":[\"https:\\\/\\\/attilaszekely.com\\\/bemutatkozas\\\/\"]}]},{\"@type\":\"ImageObject\",\"inLanguage\":\"en-US\",\"@id\":\"https:\\\/\\\/attilaszekely.com\\\/bemutatkozas\\\/#primaryimage\",\"url\":\"https:\\\/\\\/attilaszekely.com\\\/wp-content\\\/uploads\\\/2021\\\/04\\\/szekely-attila-irodavezeto-ugyved.jpg\",\"contentUrl\":\"https:\\\/\\\/attilaszekely.com\\\/wp-content\\\/uploads\\\/2021\\\/04\\\/szekely-attila-irodavezeto-ugyved.jpg\"},{\"@type\":\"BreadcrumbList\",\"@id\":\"https:\\\/\\\/attilaszekely.com\\\/bemutatkozas\\\/#breadcrumb\",\"itemListElement\":[{\"@type\":\"ListItem\",\"position\":1,\"name\":\"Home\",\"item\":\"https:\\\/\\\/attilaszekely.com\\\/en\\\/\"},{\"@type\":\"ListItem\",\"position\":2,\"name\":\"Introduction\"}]},{\"@type\":\"WebSite\",\"@id\":\"https:\\\/\\\/attilaszekely.com\\\/#website\",\"url\":\"https:\\\/\\\/attilaszekely.com\\\/\",\"name\":\"Attila Szekely Legal\",\"description\":\"Az \u00fcgyv\u00e9dem megoldja\",\"potentialAction\":[{\"@type\":\"SearchAction\",\"target\":{\"@type\":\"EntryPoint\",\"urlTemplate\":\"https:\\\/\\\/attilaszekely.com\\\/?s={search_term_string}\"},\"query-input\":{\"@type\":\"PropertyValueSpecification\",\"valueRequired\":true,\"valueName\":\"search_term_string\"}}],\"inLanguage\":\"en-US\"}]}<\/script>\n<!-- \/ Yoast SEO Premium plugin. -->","yoast_head_json":{"title":"Introduction - Attila Szekely Legal","robots":{"index":"index","follow":"follow","max-snippet":"max-snippet:-1","max-image-preview":"max-image-preview:large","max-video-preview":"max-video-preview:-1"},"canonical":"https:\/\/attilaszekely.com\/bemutatkozas\/","og_locale":"en_US","og_type":"article","og_title":"Introduction","og_description":"I started my legal activity in Hungary in 2009 after completing my undergraduate law studies in Hungary, my postgraduate law studies in Amsterdam (LL.M) and spending a few years of work experience in Latin America. I obtained the necessary skills in a market-leading law firm, then in 2015, as a lawyer registered in the Budapest ... Read more","og_url":"https:\/\/attilaszekely.com\/bemutatkozas\/","og_site_name":"Attila Szekely Legal","article_modified_time":"2021-06-02T14:28:20+00:00","og_image":[{"url":"https:\/\/attilaszekely.com\/wp-content\/uploads\/2021\/04\/szekely-attila-irodavezeto-ugyved.jpg","type":"","width":"","height":""}],"twitter_card":"summary_large_image","twitter_misc":{"Est. reading time":"1 minute"},"schema":{"@context":"https:\/\/schema.org","@graph":[{"@type":"WebPage","@id":"https:\/\/attilaszekely.com\/bemutatkozas\/","url":"https:\/\/attilaszekely.com\/bemutatkozas\/","name":"Introduction - Attila Szekely Legal","isPartOf":{"@id":"https:\/\/attilaszekely.com\/#website"},"primaryImageOfPage":{"@id":"https:\/\/attilaszekely.com\/bemutatkozas\/#primaryimage"},"image":{"@id":"https:\/\/attilaszekely.com\/bemutatkozas\/#primaryimage"},"thumbnailUrl":"https:\/\/attilaszekely.com\/wp-content\/uploads\/2021\/04\/szekely-attila-irodavezeto-ugyved.jpg","datePublished":"2021-04-22T16:59:58+00:00","dateModified":"2021-06-02T14:28:20+00:00","breadcrumb":{"@id":"https:\/\/attilaszekely.com\/bemutatkozas\/#breadcrumb"},"inLanguage":"en-US","potentialAction":[{"@type":"ReadAction","target":["https:\/\/attilaszekely.com\/bemutatkozas\/"]}]},{"@type":"ImageObject","inLanguage":"en-US","@id":"https:\/\/attilaszekely.com\/bemutatkozas\/#primaryimage","url":"https:\/\/attilaszekely.com\/wp-content\/uploads\/2021\/04\/szekely-attila-irodavezeto-ugyved.jpg","contentUrl":"https:\/\/attilaszekely.com\/wp-content\/uploads\/2021\/04\/szekely-attila-irodavezeto-ugyved.jpg"},{"@type":"BreadcrumbList","@id":"https:\/\/attilaszekely.com\/bemutatkozas\/#breadcrumb","itemListElement":[{"@type":"ListItem","position":1,"name":"Home","item":"https:\/\/attilaszekely.com\/en\/"},{"@type":"ListItem","position":2,"name":"Introduction"}]},{"@type":"WebSite","@id":"https:\/\/attilaszekely.com\/#website","url":"https:\/\/attilaszekely.com\/","name":"Attila Szekely Legal","description":"Az \u00fcgyv\u00e9dem megoldja","potentialAction":[{"@type":"SearchAction","target":{"@type":"EntryPoint","urlTemplate":"https:\/\/attilaszekely.com\/?s={search_term_string}"},"query-input":{"@type":"PropertyValueSpecification","valueRequired":true,"valueName":"search_term_string"}}],"inLanguage":"en-US"}]}},"_links":{"self":[{"href":"https:\/\/attilaszekely.com\/en\/wp-json\/wp\/v2\/pages\/91","targetHints":{"allow":["GET"]}}],"collection":[{"href":"https:\/\/attilaszekely.com\/en\/wp-json\/wp\/v2\/pages"}],"about":[{"href":"https:\/\/attilaszekely.com\/en\/wp-json\/wp\/v2\/types\/page"}],"author":[{"embeddable":true,"href":"https:\/\/attilaszekely.com\/en\/wp-json\/wp\/v2\/users\/5"}],"replies":[{"embeddable":true,"href":"https:\/\/attilaszekely.com\/en\/wp-json\/wp\/v2\/comments?post=91"}],"version-history":[{"count":0,"href":"https:\/\/attilaszekely.com\/en\/wp-json\/wp\/v2\/pages\/91\/revisions"}],"wp:attachment":[{"href":"https:\/\/attilaszekely.com\/en\/wp-json\/wp\/v2\/media?parent=91"}],"curies":[{"name":"wp","href":"https:\/\/api.w.org\/{rel}","templated":true}]}}