{"id":183,"date":"2021-04-26T11:45:09","date_gmt":"2021-04-26T11:45:09","guid":{"rendered":"https:\/\/attilaszekely.com\/introduccion\/"},"modified":"2021-04-26T12:03:56","modified_gmt":"2021-04-26T12:03:56","slug":"introduccion","status":"publish","type":"page","link":"https:\/\/attilaszekely.com\/es\/introduccion\/","title":{"rendered":"Introducci\u00f3n"},"content":{"rendered":"\t\t<div data-elementor-type=\"wp-page\" data-elementor-id=\"183\" class=\"elementor elementor-183 elementor-30\" data-elementor-post-type=\"page\">\n\t\t\t\t\t\t<section class=\"elementor-section elementor-top-section elementor-element elementor-element-6520db6 elementor-section-boxed elementor-section-height-default elementor-section-height-default\" data-id=\"6520db6\" data-element_type=\"section\" data-e-type=\"section\">\n\t\t\t\t\t\t<div class=\"elementor-container elementor-column-gap-wider\">\n\t\t\t\t\t<div class=\"elementor-column elementor-col-50 elementor-top-column elementor-element elementor-element-14f9e5c\" data-id=\"14f9e5c\" data-element_type=\"column\" data-e-type=\"column\">\n\t\t\t<div class=\"elementor-widget-wrap elementor-element-populated\">\n\t\t\t\t\t\t<div class=\"elementor-element elementor-element-be96695 elementor-widget elementor-widget-text-editor\" data-id=\"be96695\" data-element_type=\"widget\" data-e-type=\"widget\" data-widget_type=\"text-editor.default\">\n\t\t\t\t<div class=\"elementor-widget-container\">\n\t\t\t\t\t\t\t\t\t<p>A partir del a\u00f1o 2009 inici\u00e9 mi actividad jur\u00eddica despu\u00e9s de completar mis estudios en Hungr\u00eda, posgrado de derecho internacional en Amsterdam (LL.M) y prestar mis servicios por unos a\u00f1os en Am\u00e9rica Latina. Adquir\u00ed la experiencia necesaria en un prestigioso bufete hungaro, y luego, en el 2015 inici\u00e9 mi pr\u00e1ctica como abogado registrado en el Colegio de Abogados de Budapest. Desde entonces ejerzo en forma independiente y en cooperaci\u00f3n con bufetes internacionales. <\/p>\n<p>Presto mis servicios no solo en h\u00fangaro e ingl\u00e9s, sino tambi\u00e9n en espa\u00f1ol a un nivel nativo, brindando as\u00ed un servicio \u00fanico a la comunidad de habla hispana en Hungr\u00eda.<\/p>\n<p>Tengo principalmente clientes del sector PQME (peque\u00f1as y medianas empresas), para los cuales brindo apoyo legal completo, en el ramo de derecho de sociedades, derecho laboral, derecho immobiliario (ventas y arrendamiento de inmuebles residenciales, industriales y oficinas), M&amp;A (fusiones y adquisiciones), fianzas, pr\u00e9stamos y garant\u00edas.<\/p>\n<p>Brindo asistencia legal a personas naturales en lo civil, commercial y mercado imobiliario (compra, venta, aquiler).<\/p>\n<p>Realizo labores legales relacionadas con la industria energ\u00e9tica y reciclaje.<\/p>\n\t\t\t\t\t\t\t\t<\/div>\n\t\t\t\t<\/div>\n\t\t\t\t<div class=\"elementor-element elementor-element-55e78bb elementor-widget elementor-widget-button\" data-id=\"55e78bb\" data-element_type=\"widget\" data-e-type=\"widget\" data-widget_type=\"button.default\">\n\t\t\t\t<div class=\"elementor-widget-container\">\n\t\t\t\t\t\t\t\t\t<div class=\"elementor-button-wrapper\">\n\t\t\t\t\t<a class=\"elementor-button elementor-button-link elementor-size-sm\" href=\"https:\/\/attilaszekely.com\/es\/contacto\/\">\n\t\t\t\t\t\t<span class=\"elementor-button-content-wrapper\">\n\t\t\t\t\t\t<span class=\"elementor-button-icon\">\n\t\t\t\t<i aria-hidden=\"true\" class=\"far fa-paper-plane\"><\/i>\t\t\t<\/span>\n\t\t\t\t\t\t\t\t\t<span class=\"elementor-button-text\">CONTACTO<\/span>\n\t\t\t\t\t<\/span>\n\t\t\t\t\t<\/a>\n\t\t\t\t<\/div>\n\t\t\t\t\t\t\t\t<\/div>\n\t\t\t\t<\/div>\n\t\t\t\t\t<\/div>\n\t\t<\/div>\n\t\t\t\t<div class=\"elementor-column elementor-col-50 elementor-top-column elementor-element elementor-element-f50f9b0\" data-id=\"f50f9b0\" data-element_type=\"column\" data-e-type=\"column\">\n\t\t\t<div class=\"elementor-widget-wrap elementor-element-populated\">\n\t\t\t\t\t\t<div class=\"elementor-element elementor-element-fd6e823 elementor-widget elementor-widget-image\" data-id=\"fd6e823\" data-element_type=\"widget\" data-e-type=\"widget\" data-widget_type=\"image.default\">\n\t\t\t\t<div class=\"elementor-widget-container\">\n\t\t\t\t\t\t\t\t\t\t\t\t\t\t\t<img fetchpriority=\"high\" decoding=\"async\" width=\"667\" height=\"1000\" src=\"https:\/\/attilaszekely.com\/wp-content\/uploads\/2021\/04\/szekely-attila-irodavezeto-ugyved.jpg\" class=\"attachment-large size-large wp-image-75\" alt=\"Jogi h\u00e1tt\u00e9rrel t\u00e1mogatott dubai\ningatlan v\u00e1s\u00e1rl\u00e1s\" srcset=\"https:\/\/attilaszekely.com\/wp-content\/uploads\/2021\/04\/szekely-attila-irodavezeto-ugyved.jpg 667w, https:\/\/attilaszekely.com\/wp-content\/uploads\/2021\/04\/szekely-attila-irodavezeto-ugyved-200x300.jpg 200w\" sizes=\"(max-width: 667px) 100vw, 667px\" \/>\t\t\t\t\t\t\t\t\t\t\t\t\t\t\t<\/div>\n\t\t\t\t<\/div>\n\t\t\t\t\t<\/div>\n\t\t<\/div>\n\t\t\t\t\t<\/div>\n\t\t<\/section>\n\t\t\t\t<\/div>\n\t\t","protected":false},"excerpt":{"rendered":"<p>A partir del a\u00f1o 2009 inici\u00e9 mi actividad jur\u00eddica despu\u00e9s de completar mis estudios en Hungr\u00eda, posgrado de derecho internacional en Amsterdam (LL.M) y prestar mis servicios por unos a\u00f1os en Am\u00e9rica Latina. Adquir\u00ed la experiencia necesaria en un prestigioso bufete hungaro, y luego, en el 2015 inici\u00e9 mi pr\u00e1ctica como abogado registrado en el &#8230; <a title=\"Introducci\u00f3n\" class=\"read-more\" href=\"https:\/\/attilaszekely.com\/es\/introduccion\/\" aria-label=\"Leer m\u00e1s sobre Introducci\u00f3n\">Leer m\u00e1s<\/a><\/p>\n","protected":false},"author":5,"featured_media":0,"parent":0,"menu_order":0,"comment_status":"closed","ping_status":"closed","template":"elementor_header_footer","meta":{"footnotes":""},"class_list":["post-183","page","type-page","status-publish"],"yoast_head":"<!-- This site is optimized with the Yoast SEO Premium plugin v27.4 (Yoast SEO v27.4) - https:\/\/yoast.com\/product\/yoast-seo-premium-wordpress\/ -->\n<title>Introducci\u00f3n - Attila Szekely Legal<\/title>\n<meta name=\"robots\" content=\"index, follow, max-snippet:-1, max-image-preview:large, max-video-preview:-1\" \/>\n<link rel=\"canonical\" href=\"https:\/\/attilaszekely.com\/bemutatkozas\/\" \/>\n<meta property=\"og:locale\" content=\"es_ES\" \/>\n<meta property=\"og:type\" content=\"article\" \/>\n<meta property=\"og:title\" content=\"Introducci\u00f3n\" \/>\n<meta property=\"og:description\" content=\"A partir del a\u00f1o 2009 inici\u00e9 mi actividad jur\u00eddica despu\u00e9s de completar mis estudios en Hungr\u00eda, posgrado de derecho internacional en Amsterdam (LL.M) y prestar mis servicios por unos a\u00f1os en Am\u00e9rica Latina. Adquir\u00ed la experiencia necesaria en un prestigioso bufete hungaro, y luego, en el 2015 inici\u00e9 mi pr\u00e1ctica como abogado registrado en el ... Leer m\u00e1s\" \/>\n<meta property=\"og:url\" content=\"https:\/\/attilaszekely.com\/bemutatkozas\/\" \/>\n<meta property=\"og:site_name\" content=\"Attila Szekely Legal\" \/>\n<meta property=\"article:modified_time\" content=\"2021-04-26T12:03:56+00:00\" \/>\n<meta property=\"og:image\" content=\"https:\/\/attilaszekely.com\/wp-content\/uploads\/2021\/04\/szekely-attila-irodavezeto-ugyved.jpg\" \/>\n<meta name=\"twitter:card\" content=\"summary_large_image\" \/>\n<meta name=\"twitter:label1\" content=\"Tiempo de lectura\" \/>\n\t<meta name=\"twitter:data1\" content=\"1 minuto\" \/>\n<script type=\"application\/ld+json\" class=\"yoast-schema-graph\">{\"@context\":\"https:\\\/\\\/schema.org\",\"@graph\":[{\"@type\":\"WebPage\",\"@id\":\"https:\\\/\\\/attilaszekely.com\\\/bemutatkozas\\\/\",\"url\":\"https:\\\/\\\/attilaszekely.com\\\/bemutatkozas\\\/\",\"name\":\"Introducci\u00f3n - Attila Szekely Legal\",\"isPartOf\":{\"@id\":\"https:\\\/\\\/attilaszekely.com\\\/#website\"},\"primaryImageOfPage\":{\"@id\":\"https:\\\/\\\/attilaszekely.com\\\/bemutatkozas\\\/#primaryimage\"},\"image\":{\"@id\":\"https:\\\/\\\/attilaszekely.com\\\/bemutatkozas\\\/#primaryimage\"},\"thumbnailUrl\":\"https:\\\/\\\/attilaszekely.com\\\/wp-content\\\/uploads\\\/2021\\\/04\\\/szekely-attila-irodavezeto-ugyved.jpg\",\"datePublished\":\"2021-04-26T11:45:09+00:00\",\"dateModified\":\"2021-04-26T12:03:56+00:00\",\"breadcrumb\":{\"@id\":\"https:\\\/\\\/attilaszekely.com\\\/bemutatkozas\\\/#breadcrumb\"},\"inLanguage\":\"es\",\"potentialAction\":[{\"@type\":\"ReadAction\",\"target\":[\"https:\\\/\\\/attilaszekely.com\\\/bemutatkozas\\\/\"]}]},{\"@type\":\"ImageObject\",\"inLanguage\":\"es\",\"@id\":\"https:\\\/\\\/attilaszekely.com\\\/bemutatkozas\\\/#primaryimage\",\"url\":\"https:\\\/\\\/attilaszekely.com\\\/wp-content\\\/uploads\\\/2021\\\/04\\\/szekely-attila-irodavezeto-ugyved.jpg\",\"contentUrl\":\"https:\\\/\\\/attilaszekely.com\\\/wp-content\\\/uploads\\\/2021\\\/04\\\/szekely-attila-irodavezeto-ugyved.jpg\"},{\"@type\":\"BreadcrumbList\",\"@id\":\"https:\\\/\\\/attilaszekely.com\\\/bemutatkozas\\\/#breadcrumb\",\"itemListElement\":[{\"@type\":\"ListItem\",\"position\":1,\"name\":\"Home\",\"item\":\"https:\\\/\\\/attilaszekely.com\\\/en\\\/\"},{\"@type\":\"ListItem\",\"position\":2,\"name\":\"Introducci\u00f3n\"}]},{\"@type\":\"WebSite\",\"@id\":\"https:\\\/\\\/attilaszekely.com\\\/#website\",\"url\":\"https:\\\/\\\/attilaszekely.com\\\/\",\"name\":\"Attila Szekely Legal\",\"description\":\"Az \u00fcgyv\u00e9dem megoldja\",\"potentialAction\":[{\"@type\":\"SearchAction\",\"target\":{\"@type\":\"EntryPoint\",\"urlTemplate\":\"https:\\\/\\\/attilaszekely.com\\\/?s={search_term_string}\"},\"query-input\":{\"@type\":\"PropertyValueSpecification\",\"valueRequired\":true,\"valueName\":\"search_term_string\"}}],\"inLanguage\":\"es\"}]}<\/script>\n<!-- \/ Yoast SEO Premium plugin. -->","yoast_head_json":{"title":"Introducci\u00f3n - Attila Szekely Legal","robots":{"index":"index","follow":"follow","max-snippet":"max-snippet:-1","max-image-preview":"max-image-preview:large","max-video-preview":"max-video-preview:-1"},"canonical":"https:\/\/attilaszekely.com\/bemutatkozas\/","og_locale":"es_ES","og_type":"article","og_title":"Introducci\u00f3n","og_description":"A partir del a\u00f1o 2009 inici\u00e9 mi actividad jur\u00eddica despu\u00e9s de completar mis estudios en Hungr\u00eda, posgrado de derecho internacional en Amsterdam (LL.M) y prestar mis servicios por unos a\u00f1os en Am\u00e9rica Latina. Adquir\u00ed la experiencia necesaria en un prestigioso bufete hungaro, y luego, en el 2015 inici\u00e9 mi pr\u00e1ctica como abogado registrado en el ... Leer m\u00e1s","og_url":"https:\/\/attilaszekely.com\/bemutatkozas\/","og_site_name":"Attila Szekely Legal","article_modified_time":"2021-04-26T12:03:56+00:00","og_image":[{"url":"https:\/\/attilaszekely.com\/wp-content\/uploads\/2021\/04\/szekely-attila-irodavezeto-ugyved.jpg","type":"","width":"","height":""}],"twitter_card":"summary_large_image","twitter_misc":{"Tiempo de lectura":"1 minuto"},"schema":{"@context":"https:\/\/schema.org","@graph":[{"@type":"WebPage","@id":"https:\/\/attilaszekely.com\/bemutatkozas\/","url":"https:\/\/attilaszekely.com\/bemutatkozas\/","name":"Introducci\u00f3n - Attila Szekely Legal","isPartOf":{"@id":"https:\/\/attilaszekely.com\/#website"},"primaryImageOfPage":{"@id":"https:\/\/attilaszekely.com\/bemutatkozas\/#primaryimage"},"image":{"@id":"https:\/\/attilaszekely.com\/bemutatkozas\/#primaryimage"},"thumbnailUrl":"https:\/\/attilaszekely.com\/wp-content\/uploads\/2021\/04\/szekely-attila-irodavezeto-ugyved.jpg","datePublished":"2021-04-26T11:45:09+00:00","dateModified":"2021-04-26T12:03:56+00:00","breadcrumb":{"@id":"https:\/\/attilaszekely.com\/bemutatkozas\/#breadcrumb"},"inLanguage":"es","potentialAction":[{"@type":"ReadAction","target":["https:\/\/attilaszekely.com\/bemutatkozas\/"]}]},{"@type":"ImageObject","inLanguage":"es","@id":"https:\/\/attilaszekely.com\/bemutatkozas\/#primaryimage","url":"https:\/\/attilaszekely.com\/wp-content\/uploads\/2021\/04\/szekely-attila-irodavezeto-ugyved.jpg","contentUrl":"https:\/\/attilaszekely.com\/wp-content\/uploads\/2021\/04\/szekely-attila-irodavezeto-ugyved.jpg"},{"@type":"BreadcrumbList","@id":"https:\/\/attilaszekely.com\/bemutatkozas\/#breadcrumb","itemListElement":[{"@type":"ListItem","position":1,"name":"Home","item":"https:\/\/attilaszekely.com\/en\/"},{"@type":"ListItem","position":2,"name":"Introducci\u00f3n"}]},{"@type":"WebSite","@id":"https:\/\/attilaszekely.com\/#website","url":"https:\/\/attilaszekely.com\/","name":"Attila Szekely Legal","description":"Az \u00fcgyv\u00e9dem megoldja","potentialAction":[{"@type":"SearchAction","target":{"@type":"EntryPoint","urlTemplate":"https:\/\/attilaszekely.com\/?s={search_term_string}"},"query-input":{"@type":"PropertyValueSpecification","valueRequired":true,"valueName":"search_term_string"}}],"inLanguage":"es"}]}},"_links":{"self":[{"href":"https:\/\/attilaszekely.com\/es\/wp-json\/wp\/v2\/pages\/183","targetHints":{"allow":["GET"]}}],"collection":[{"href":"https:\/\/attilaszekely.com\/es\/wp-json\/wp\/v2\/pages"}],"about":[{"href":"https:\/\/attilaszekely.com\/es\/wp-json\/wp\/v2\/types\/page"}],"author":[{"embeddable":true,"href":"https:\/\/attilaszekely.com\/es\/wp-json\/wp\/v2\/users\/5"}],"replies":[{"embeddable":true,"href":"https:\/\/attilaszekely.com\/es\/wp-json\/wp\/v2\/comments?post=183"}],"version-history":[{"count":0,"href":"https:\/\/attilaszekely.com\/es\/wp-json\/wp\/v2\/pages\/183\/revisions"}],"wp:attachment":[{"href":"https:\/\/attilaszekely.com\/es\/wp-json\/wp\/v2\/media?parent=183"}],"curies":[{"name":"wp","href":"https:\/\/api.w.org\/{rel}","templated":true}]}}