{"id":196,"date":"2021-04-26T11:55:34","date_gmt":"2021-04-26T11:55:34","guid":{"rendered":"https:\/\/attilaszekely.com\/areas-de-derecho\/"},"modified":"2021-05-20T13:40:30","modified_gmt":"2021-05-20T13:40:30","slug":"areas-de-derecho","status":"publish","type":"page","link":"https:\/\/attilaszekely.com\/es\/areas-de-derecho\/","title":{"rendered":"\u00c1reas de derecho"},"content":{"rendered":"\t\t<div data-elementor-type=\"wp-page\" data-elementor-id=\"196\" class=\"elementor elementor-196 elementor-38\" data-elementor-post-type=\"page\">\n\t\t\t\t\t\t<section class=\"elementor-section elementor-top-section elementor-element elementor-element-ede061d elementor-section-boxed elementor-section-height-default elementor-section-height-default\" data-id=\"ede061d\" data-element_type=\"section\" data-e-type=\"section\">\n\t\t\t\t\t\t<div class=\"elementor-container elementor-column-gap-default\">\n\t\t\t\t\t<div class=\"elementor-column elementor-col-100 elementor-top-column elementor-element elementor-element-c2b1f7f\" data-id=\"c2b1f7f\" data-element_type=\"column\" data-e-type=\"column\">\n\t\t\t<div class=\"elementor-widget-wrap elementor-element-populated\">\n\t\t\t\t\t\t<div class=\"elementor-element elementor-element-f0af715 elementor-widget elementor-widget-heading\" data-id=\"f0af715\" data-element_type=\"widget\" data-e-type=\"widget\" data-widget_type=\"heading.default\">\n\t\t\t\t<div class=\"elementor-widget-container\">\n\t\t\t\t\t<h1 class=\"elementor-heading-title elementor-size-default\">\u00c1reas de derecho<\/h1>\t\t\t\t<\/div>\n\t\t\t\t<\/div>\n\t\t\t\t<div class=\"elementor-element elementor-element-3ae88e3 elementor-widget-divider--view-line elementor-widget elementor-widget-divider\" data-id=\"3ae88e3\" data-element_type=\"widget\" data-e-type=\"widget\" data-widget_type=\"divider.default\">\n\t\t\t\t<div class=\"elementor-widget-container\">\n\t\t\t\t\t\t\t<div class=\"elementor-divider\">\n\t\t\t<span class=\"elementor-divider-separator\">\n\t\t\t\t\t\t<\/span>\n\t\t<\/div>\n\t\t\t\t\t\t<\/div>\n\t\t\t\t<\/div>\n\t\t\t\t\t<\/div>\n\t\t<\/div>\n\t\t\t\t\t<\/div>\n\t\t<\/section>\n\t\t\t\t<section class=\"elementor-section elementor-top-section elementor-element elementor-element-6c6ea74 elementor-section-boxed elementor-section-height-default elementor-section-height-default\" data-id=\"6c6ea74\" data-element_type=\"section\" data-e-type=\"section\" data-settings=\"{&quot;background_background&quot;:&quot;classic&quot;}\">\n\t\t\t\t\t\t<div class=\"elementor-container elementor-column-gap-wider\">\n\t\t\t\t\t<div class=\"elementor-column elementor-col-50 elementor-top-column elementor-element elementor-element-7c8daa5\" data-id=\"7c8daa5\" data-element_type=\"column\" data-e-type=\"column\">\n\t\t\t<div class=\"elementor-widget-wrap elementor-element-populated\">\n\t\t\t\t\t\t<div class=\"elementor-element elementor-element-54eb595 elementor-invisible elementor-widget elementor-widget-heading\" data-id=\"54eb595\" data-element_type=\"widget\" data-e-type=\"widget\" data-settings=\"{&quot;_animation&quot;:&quot;fadeInLeft&quot;}\" data-widget_type=\"heading.default\">\n\t\t\t\t<div class=\"elementor-widget-container\">\n\t\t\t\t\t<h2 class=\"elementor-heading-title elementor-size-default\">Derecho de sociedades, M&amp;A (fusiones y adquisiciones)<\/h2>\t\t\t\t<\/div>\n\t\t\t\t<\/div>\n\t\t\t\t<div class=\"elementor-element elementor-element-8cfbe22 elementor-widget elementor-widget-text-editor\" data-id=\"8cfbe22\" data-element_type=\"widget\" data-e-type=\"widget\" data-widget_type=\"text-editor.default\">\n\t\t\t\t<div class=\"elementor-widget-container\">\n\t\t\t\t\t\t\t\t\t<p>Cuento con una importante experiencia en todos los segmentos de las transformaci\u00f3nes de sociedades (fusi\u00f3n, escisi\u00f3n) y adquisici\u00f3n de empresas (due diligence legal, negociaci\u00f3n, elaboraci\u00f3n de documentaci\u00f3n legal, representaci\u00f3n en los tr\u00e1mites legales).<\/p>\n<p>Adem\u00e1s, presto servicios a mis clientes en la documentaci\u00f3n y procedimiento de registrar una empresa o registrar un cambio (sedes, sucursales, capital) en los datos de una empresa registrada, como en el desempe\u00f1o de tareas legales relacionadas con la formaci\u00f3n de grupos empresariales.<\/p>\n\t\t\t\t\t\t\t\t<\/div>\n\t\t\t\t<\/div>\n\t\t\t\t<div class=\"elementor-element elementor-element-b9df67d elementor-invisible elementor-widget elementor-widget-button\" data-id=\"b9df67d\" data-element_type=\"widget\" data-e-type=\"widget\" data-settings=\"{&quot;_animation&quot;:&quot;fadeInUp&quot;}\" data-widget_type=\"button.default\">\n\t\t\t\t<div class=\"elementor-widget-container\">\n\t\t\t\t\t\t\t\t\t<div class=\"elementor-button-wrapper\">\n\t\t\t\t\t<a class=\"elementor-button elementor-button-link elementor-size-sm elementor-animation-grow\" href=\"https:\/\/attilaszekely.com\/es\/contacto\/\">\n\t\t\t\t\t\t<span class=\"elementor-button-content-wrapper\">\n\t\t\t\t\t\t<span class=\"elementor-button-icon\">\n\t\t\t\t<i aria-hidden=\"true\" class=\"far fa-paper-plane\"><\/i>\t\t\t<\/span>\n\t\t\t\t\t\t\t\t\t<span class=\"elementor-button-text\">CONTACTO<\/span>\n\t\t\t\t\t<\/span>\n\t\t\t\t\t<\/a>\n\t\t\t\t<\/div>\n\t\t\t\t\t\t\t\t<\/div>\n\t\t\t\t<\/div>\n\t\t\t\t\t<\/div>\n\t\t<\/div>\n\t\t\t\t<div class=\"elementor-column elementor-col-50 elementor-top-column elementor-element elementor-element-6b82f8f\" data-id=\"6b82f8f\" data-element_type=\"column\" data-e-type=\"column\">\n\t\t\t<div class=\"elementor-widget-wrap elementor-element-populated\">\n\t\t\t\t\t\t<div class=\"elementor-element elementor-element-92401f1 elementor-widget elementor-widget-image\" data-id=\"92401f1\" data-element_type=\"widget\" data-e-type=\"widget\" data-widget_type=\"image.default\">\n\t\t\t\t<div class=\"elementor-widget-container\">\n\t\t\t\t\t\t\t\t\t\t\t\t\t\t\t<img fetchpriority=\"high\" decoding=\"async\" width=\"600\" height=\"600\" src=\"https:\/\/attilaszekely.com\/wp-content\/uploads\/2021\/05\/vallalatfelvasarlas-szekelylegal.jpg\" class=\"attachment-large size-large wp-image-410\" alt=\"\" srcset=\"https:\/\/attilaszekely.com\/wp-content\/uploads\/2021\/05\/vallalatfelvasarlas-szekelylegal.jpg 600w, https:\/\/attilaszekely.com\/wp-content\/uploads\/2021\/05\/vallalatfelvasarlas-szekelylegal-300x300.jpg 300w, https:\/\/attilaszekely.com\/wp-content\/uploads\/2021\/05\/vallalatfelvasarlas-szekelylegal-150x150.jpg 150w\" sizes=\"(max-width: 600px) 100vw, 600px\" \/>\t\t\t\t\t\t\t\t\t\t\t\t\t\t\t<\/div>\n\t\t\t\t<\/div>\n\t\t\t\t\t<\/div>\n\t\t<\/div>\n\t\t\t\t\t<\/div>\n\t\t<\/section>\n\t\t\t\t<section class=\"elementor-section elementor-top-section elementor-element elementor-element-da0e833 elementor-reverse-mobile elementor-section-boxed elementor-section-height-default elementor-section-height-default\" data-id=\"da0e833\" data-element_type=\"section\" data-e-type=\"section\" data-settings=\"{&quot;background_background&quot;:&quot;gradient&quot;}\">\n\t\t\t\t\t\t<div class=\"elementor-container elementor-column-gap-wider\">\n\t\t\t\t\t<div class=\"elementor-column elementor-col-50 elementor-top-column elementor-element elementor-element-3718b23\" data-id=\"3718b23\" data-element_type=\"column\" data-e-type=\"column\">\n\t\t\t<div class=\"elementor-widget-wrap elementor-element-populated\">\n\t\t\t\t\t\t<div class=\"elementor-element elementor-element-6e3a1c5 elementor-widget elementor-widget-image\" data-id=\"6e3a1c5\" data-element_type=\"widget\" data-e-type=\"widget\" data-widget_type=\"image.default\">\n\t\t\t\t<div class=\"elementor-widget-container\">\n\t\t\t\t\t\t\t\t\t\t\t\t\t\t\t<img decoding=\"async\" width=\"600\" height=\"600\" src=\"https:\/\/attilaszekely.com\/wp-content\/uploads\/2021\/05\/ingatlanjog-szekelylegal.jpg\" class=\"attachment-large size-large wp-image-407\" alt=\"\" srcset=\"https:\/\/attilaszekely.com\/wp-content\/uploads\/2021\/05\/ingatlanjog-szekelylegal.jpg 600w, https:\/\/attilaszekely.com\/wp-content\/uploads\/2021\/05\/ingatlanjog-szekelylegal-300x300.jpg 300w, https:\/\/attilaszekely.com\/wp-content\/uploads\/2021\/05\/ingatlanjog-szekelylegal-150x150.jpg 150w\" sizes=\"(max-width: 600px) 100vw, 600px\" \/>\t\t\t\t\t\t\t\t\t\t\t\t\t\t\t<\/div>\n\t\t\t\t<\/div>\n\t\t\t\t\t<\/div>\n\t\t<\/div>\n\t\t\t\t<div class=\"elementor-column elementor-col-50 elementor-top-column elementor-element elementor-element-daba766\" data-id=\"daba766\" data-element_type=\"column\" data-e-type=\"column\">\n\t\t\t<div class=\"elementor-widget-wrap elementor-element-populated\">\n\t\t\t\t\t\t<div class=\"elementor-element elementor-element-c0ffcec elementor-invisible elementor-widget elementor-widget-heading\" data-id=\"c0ffcec\" data-element_type=\"widget\" data-e-type=\"widget\" data-settings=\"{&quot;_animation&quot;:&quot;fadeInRight&quot;}\" data-widget_type=\"heading.default\">\n\t\t\t\t<div class=\"elementor-widget-container\">\n\t\t\t\t\t<h2 class=\"elementor-heading-title elementor-size-default\">Derecho inmobiliario y de construcci\u00f3n<\/h2>\t\t\t\t<\/div>\n\t\t\t\t<\/div>\n\t\t\t\t<div class=\"elementor-element elementor-element-e47a7ff elementor-widget elementor-widget-text-editor\" data-id=\"e47a7ff\" data-element_type=\"widget\" data-e-type=\"widget\" data-widget_type=\"text-editor.default\">\n\t\t\t\t<div class=\"elementor-widget-container\">\n\t\t\t\t\t\t\t\t\t<p>Mis actividades abarcan todas las \u00e1reas del trabajo legal relacionadas con la propiedad inmobiliaria, incluida la compra de bienes raices libre de hipotecas, pero tambi\u00e9n el desempe\u00f1o completo de las tareas legales de desarrollo inmobiliario de alto valor con adquisici\u00f3n de pr\u00e9stamo bancario y \/ o capital privado. En estos casos puede surgir una amplia gama de tareas legales, que incluyen, por ejemplo, la preparaci\u00f3n de contratos de venta, construcci\u00f3n, arrendamiento, pr\u00e9stamo y garant\u00edas, la realizaci\u00f3n del registro del titulo pertinente y otros procedimientos oficiales. <\/p>\n<p>Tengo experiencia en el manejo de problemas legales durante el per\u00edodo de contrataci\u00f3n, construcci\u00f3n y garant\u00eda, y es una ventaja que represent\u00e9 tanto al inversionista como al contratista durante construcci\u00f3nes, y tanto al vendedor como al comprador durante transacci\u00f3nes, por lo tanto conozco los aspectos legales de ambas partes contrarias.<\/p>\n<p>Por supuesto, en esta \u00e1rea del derecho tambi\u00e9n apoyo el manejo de los asuntos legales que surgen durante la operaci\u00f3n operativa de mis clientes.<\/p>\n\t\t\t\t\t\t\t\t<\/div>\n\t\t\t\t<\/div>\n\t\t\t\t<div class=\"elementor-element elementor-element-c25042c elementor-invisible elementor-widget elementor-widget-button\" data-id=\"c25042c\" data-element_type=\"widget\" data-e-type=\"widget\" data-settings=\"{&quot;_animation&quot;:&quot;fadeInUp&quot;}\" data-widget_type=\"button.default\">\n\t\t\t\t<div class=\"elementor-widget-container\">\n\t\t\t\t\t\t\t\t\t<div class=\"elementor-button-wrapper\">\n\t\t\t\t\t<a class=\"elementor-button elementor-button-link elementor-size-sm elementor-animation-grow\" href=\"https:\/\/attilaszekely.com\/es\/contacto\/\">\n\t\t\t\t\t\t<span class=\"elementor-button-content-wrapper\">\n\t\t\t\t\t\t<span class=\"elementor-button-icon\">\n\t\t\t\t<i aria-hidden=\"true\" class=\"far fa-paper-plane\"><\/i>\t\t\t<\/span>\n\t\t\t\t\t\t\t\t\t<span class=\"elementor-button-text\">CONTACTO<\/span>\n\t\t\t\t\t<\/span>\n\t\t\t\t\t<\/a>\n\t\t\t\t<\/div>\n\t\t\t\t\t\t\t\t<\/div>\n\t\t\t\t<\/div>\n\t\t\t\t\t<\/div>\n\t\t<\/div>\n\t\t\t\t\t<\/div>\n\t\t<\/section>\n\t\t\t\t<section class=\"elementor-section elementor-top-section elementor-element elementor-element-373598f elementor-section-boxed elementor-section-height-default elementor-section-height-default\" data-id=\"373598f\" data-element_type=\"section\" data-e-type=\"section\" data-settings=\"{&quot;background_background&quot;:&quot;classic&quot;}\">\n\t\t\t\t\t\t<div class=\"elementor-container elementor-column-gap-wider\">\n\t\t\t\t\t<div class=\"elementor-column elementor-col-50 elementor-top-column elementor-element elementor-element-01aa5c1\" data-id=\"01aa5c1\" data-element_type=\"column\" data-e-type=\"column\">\n\t\t\t<div class=\"elementor-widget-wrap elementor-element-populated\">\n\t\t\t\t\t\t<div class=\"elementor-element elementor-element-0699286 elementor-invisible elementor-widget elementor-widget-heading\" data-id=\"0699286\" data-element_type=\"widget\" data-e-type=\"widget\" data-settings=\"{&quot;_animation&quot;:&quot;fadeInLeft&quot;}\" data-widget_type=\"heading.default\">\n\t\t\t\t<div class=\"elementor-widget-container\">\n\t\t\t\t\t<h2 class=\"elementor-heading-title elementor-size-default\">Ley energ\u00e9tica<\/h2>\t\t\t\t<\/div>\n\t\t\t\t<\/div>\n\t\t\t\t<div class=\"elementor-element elementor-element-74f2eae elementor-widget elementor-widget-text-editor\" data-id=\"74f2eae\" data-element_type=\"widget\" data-e-type=\"widget\" data-widget_type=\"text-editor.default\">\n\t\t\t\t<div class=\"elementor-widget-container\">\n\t\t\t\t\t\t\t\t\t<p>Tambi\u00e9n me ocupo del campo del derecho energ\u00e9tico, por lo tanto brindo apoyo legal para la implementaci\u00f3n de proyectos completos de energ\u00eda solar en ambos sistemas de K\u00c1T o MET\u00c1R (adquisici\u00f3n de una empresa con su licencia respectiva, tr\u00e1mites de licencia, venta y construcci\u00f3n de parque solares). <\/p>\n\t\t\t\t\t\t\t\t<\/div>\n\t\t\t\t<\/div>\n\t\t\t\t<div class=\"elementor-element elementor-element-852ee7e elementor-invisible elementor-widget elementor-widget-button\" data-id=\"852ee7e\" data-element_type=\"widget\" data-e-type=\"widget\" data-settings=\"{&quot;_animation&quot;:&quot;fadeInUp&quot;}\" data-widget_type=\"button.default\">\n\t\t\t\t<div class=\"elementor-widget-container\">\n\t\t\t\t\t\t\t\t\t<div class=\"elementor-button-wrapper\">\n\t\t\t\t\t<a class=\"elementor-button elementor-button-link elementor-size-sm elementor-animation-grow\" href=\"https:\/\/attilaszekely.com\/es\/contacto\/\">\n\t\t\t\t\t\t<span class=\"elementor-button-content-wrapper\">\n\t\t\t\t\t\t<span class=\"elementor-button-icon\">\n\t\t\t\t<i aria-hidden=\"true\" class=\"far fa-paper-plane\"><\/i>\t\t\t<\/span>\n\t\t\t\t\t\t\t\t\t<span class=\"elementor-button-text\">CONTACTO<\/span>\n\t\t\t\t\t<\/span>\n\t\t\t\t\t<\/a>\n\t\t\t\t<\/div>\n\t\t\t\t\t\t\t\t<\/div>\n\t\t\t\t<\/div>\n\t\t\t\t\t<\/div>\n\t\t<\/div>\n\t\t\t\t<div class=\"elementor-column elementor-col-50 elementor-top-column elementor-element elementor-element-04bb99e\" data-id=\"04bb99e\" data-element_type=\"column\" data-e-type=\"column\">\n\t\t\t<div class=\"elementor-widget-wrap elementor-element-populated\">\n\t\t\t\t\t\t<div class=\"elementor-element elementor-element-b0f6ce6 elementor-widget elementor-widget-image\" data-id=\"b0f6ce6\" data-element_type=\"widget\" data-e-type=\"widget\" data-widget_type=\"image.default\">\n\t\t\t\t<div class=\"elementor-widget-container\">\n\t\t\t\t\t\t\t\t\t\t\t\t\t\t\t<img decoding=\"async\" width=\"600\" height=\"600\" src=\"https:\/\/attilaszekely.com\/wp-content\/uploads\/2021\/05\/energiajog-szekelylegal.jpg\" class=\"attachment-large size-large wp-image-404\" alt=\"\" srcset=\"https:\/\/attilaszekely.com\/wp-content\/uploads\/2021\/05\/energiajog-szekelylegal.jpg 600w, https:\/\/attilaszekely.com\/wp-content\/uploads\/2021\/05\/energiajog-szekelylegal-300x300.jpg 300w, https:\/\/attilaszekely.com\/wp-content\/uploads\/2021\/05\/energiajog-szekelylegal-150x150.jpg 150w\" sizes=\"(max-width: 600px) 100vw, 600px\" \/>\t\t\t\t\t\t\t\t\t\t\t\t\t\t\t<\/div>\n\t\t\t\t<\/div>\n\t\t\t\t\t<\/div>\n\t\t<\/div>\n\t\t\t\t\t<\/div>\n\t\t<\/section>\n\t\t\t\t<\/div>\n\t\t","protected":false},"excerpt":{"rendered":"<p>\u00c1reas de derecho Derecho de sociedades, M&amp;A (fusiones y adquisiciones) Cuento con una importante experiencia en todos los segmentos de las transformaci\u00f3nes de sociedades (fusi\u00f3n, escisi\u00f3n) y adquisici\u00f3n de empresas (due diligence legal, negociaci\u00f3n, elaboraci\u00f3n de documentaci\u00f3n legal, representaci\u00f3n en los tr\u00e1mites legales). Adem\u00e1s, presto servicios a mis clientes en la documentaci\u00f3n y procedimiento de &#8230; <a title=\"\u00c1reas de derecho\" class=\"read-more\" href=\"https:\/\/attilaszekely.com\/es\/areas-de-derecho\/\" aria-label=\"Leer m\u00e1s sobre \u00c1reas de derecho\">Leer m\u00e1s<\/a><\/p>\n","protected":false},"author":5,"featured_media":0,"parent":0,"menu_order":0,"comment_status":"closed","ping_status":"closed","template":"elementor_header_footer","meta":{"footnotes":""},"class_list":["post-196","page","type-page","status-publish"],"yoast_head":"<!-- This site is optimized with the Yoast SEO Premium plugin v27.4 (Yoast SEO v27.4) - https:\/\/yoast.com\/product\/yoast-seo-premium-wordpress\/ -->\n<title>\u00c1reas de derecho - Attila Szekely Legal<\/title>\n<meta name=\"robots\" content=\"index, follow, max-snippet:-1, max-image-preview:large, max-video-preview:-1\" \/>\n<link rel=\"canonical\" href=\"https:\/\/attilaszekely.com\/es\/areas-de-derecho\/\" \/>\n<meta property=\"og:locale\" content=\"es_ES\" \/>\n<meta property=\"og:type\" content=\"article\" \/>\n<meta property=\"og:title\" content=\"\u00c1reas de derecho\" \/>\n<meta property=\"og:description\" content=\"\u00c1reas de derecho Derecho de sociedades, M&amp;A (fusiones y adquisiciones) Cuento con una importante experiencia en todos los segmentos de las transformaci\u00f3nes de sociedades (fusi\u00f3n, escisi\u00f3n) y adquisici\u00f3n de empresas (due diligence legal, negociaci\u00f3n, elaboraci\u00f3n de documentaci\u00f3n legal, representaci\u00f3n en los tr\u00e1mites legales). Adem\u00e1s, presto servicios a mis clientes en la documentaci\u00f3n y procedimiento de ... Leer m\u00e1s\" \/>\n<meta property=\"og:url\" content=\"https:\/\/attilaszekely.com\/es\/areas-de-derecho\/\" \/>\n<meta property=\"og:site_name\" content=\"Attila Szekely Legal\" \/>\n<meta property=\"article:modified_time\" content=\"2021-05-20T13:40:30+00:00\" \/>\n<meta property=\"og:image\" content=\"https:\/\/attilaszekely.com\/wp-content\/uploads\/2021\/05\/vallalatfelvasarlas-szekelylegal.jpg\" \/>\n<meta name=\"twitter:card\" content=\"summary_large_image\" \/>\n<meta name=\"twitter:label1\" content=\"Tiempo de lectura\" \/>\n\t<meta name=\"twitter:data1\" content=\"2 minutos\" \/>\n<script type=\"application\/ld+json\" class=\"yoast-schema-graph\">{\"@context\":\"https:\\\/\\\/schema.org\",\"@graph\":[{\"@type\":\"WebPage\",\"@id\":\"https:\\\/\\\/attilaszekely.com\\\/es\\\/areas-de-derecho\\\/\",\"url\":\"https:\\\/\\\/attilaszekely.com\\\/es\\\/areas-de-derecho\\\/\",\"name\":\"\u00c1reas de derecho - Attila Szekely Legal\",\"isPartOf\":{\"@id\":\"https:\\\/\\\/attilaszekely.com\\\/#website\"},\"primaryImageOfPage\":{\"@id\":\"https:\\\/\\\/attilaszekely.com\\\/es\\\/areas-de-derecho\\\/#primaryimage\"},\"image\":{\"@id\":\"https:\\\/\\\/attilaszekely.com\\\/es\\\/areas-de-derecho\\\/#primaryimage\"},\"thumbnailUrl\":\"https:\\\/\\\/attilaszekely.com\\\/wp-content\\\/uploads\\\/2021\\\/05\\\/vallalatfelvasarlas-szekelylegal.jpg\",\"datePublished\":\"2021-04-26T11:55:34+00:00\",\"dateModified\":\"2021-05-20T13:40:30+00:00\",\"breadcrumb\":{\"@id\":\"https:\\\/\\\/attilaszekely.com\\\/es\\\/areas-de-derecho\\\/#breadcrumb\"},\"inLanguage\":\"es\",\"potentialAction\":[{\"@type\":\"ReadAction\",\"target\":[\"https:\\\/\\\/attilaszekely.com\\\/es\\\/areas-de-derecho\\\/\"]}]},{\"@type\":\"ImageObject\",\"inLanguage\":\"es\",\"@id\":\"https:\\\/\\\/attilaszekely.com\\\/es\\\/areas-de-derecho\\\/#primaryimage\",\"url\":\"https:\\\/\\\/attilaszekely.com\\\/wp-content\\\/uploads\\\/2021\\\/05\\\/vallalatfelvasarlas-szekelylegal.jpg\",\"contentUrl\":\"https:\\\/\\\/attilaszekely.com\\\/wp-content\\\/uploads\\\/2021\\\/05\\\/vallalatfelvasarlas-szekelylegal.jpg\"},{\"@type\":\"BreadcrumbList\",\"@id\":\"https:\\\/\\\/attilaszekely.com\\\/es\\\/areas-de-derecho\\\/#breadcrumb\",\"itemListElement\":[{\"@type\":\"ListItem\",\"position\":1,\"name\":\"Home\",\"item\":\"https:\\\/\\\/attilaszekely.com\\\/en\\\/\"},{\"@type\":\"ListItem\",\"position\":2,\"name\":\"\u00c1reas de derecho\"}]},{\"@type\":\"WebSite\",\"@id\":\"https:\\\/\\\/attilaszekely.com\\\/#website\",\"url\":\"https:\\\/\\\/attilaszekely.com\\\/\",\"name\":\"Attila Szekely Legal\",\"description\":\"Az \u00fcgyv\u00e9dem megoldja\",\"potentialAction\":[{\"@type\":\"SearchAction\",\"target\":{\"@type\":\"EntryPoint\",\"urlTemplate\":\"https:\\\/\\\/attilaszekely.com\\\/?s={search_term_string}\"},\"query-input\":{\"@type\":\"PropertyValueSpecification\",\"valueRequired\":true,\"valueName\":\"search_term_string\"}}],\"inLanguage\":\"es\"}]}<\/script>\n<!-- \/ Yoast SEO Premium plugin. -->","yoast_head_json":{"title":"\u00c1reas de derecho - Attila Szekely Legal","robots":{"index":"index","follow":"follow","max-snippet":"max-snippet:-1","max-image-preview":"max-image-preview:large","max-video-preview":"max-video-preview:-1"},"canonical":"https:\/\/attilaszekely.com\/es\/areas-de-derecho\/","og_locale":"es_ES","og_type":"article","og_title":"\u00c1reas de derecho","og_description":"\u00c1reas de derecho Derecho de sociedades, M&amp;A (fusiones y adquisiciones) Cuento con una importante experiencia en todos los segmentos de las transformaci\u00f3nes de sociedades (fusi\u00f3n, escisi\u00f3n) y adquisici\u00f3n de empresas (due diligence legal, negociaci\u00f3n, elaboraci\u00f3n de documentaci\u00f3n legal, representaci\u00f3n en los tr\u00e1mites legales). Adem\u00e1s, presto servicios a mis clientes en la documentaci\u00f3n y procedimiento de ... Leer m\u00e1s","og_url":"https:\/\/attilaszekely.com\/es\/areas-de-derecho\/","og_site_name":"Attila Szekely Legal","article_modified_time":"2021-05-20T13:40:30+00:00","og_image":[{"url":"https:\/\/attilaszekely.com\/wp-content\/uploads\/2021\/05\/vallalatfelvasarlas-szekelylegal.jpg","type":"","width":"","height":""}],"twitter_card":"summary_large_image","twitter_misc":{"Tiempo de lectura":"2 minutos"},"schema":{"@context":"https:\/\/schema.org","@graph":[{"@type":"WebPage","@id":"https:\/\/attilaszekely.com\/es\/areas-de-derecho\/","url":"https:\/\/attilaszekely.com\/es\/areas-de-derecho\/","name":"\u00c1reas de derecho - Attila Szekely Legal","isPartOf":{"@id":"https:\/\/attilaszekely.com\/#website"},"primaryImageOfPage":{"@id":"https:\/\/attilaszekely.com\/es\/areas-de-derecho\/#primaryimage"},"image":{"@id":"https:\/\/attilaszekely.com\/es\/areas-de-derecho\/#primaryimage"},"thumbnailUrl":"https:\/\/attilaszekely.com\/wp-content\/uploads\/2021\/05\/vallalatfelvasarlas-szekelylegal.jpg","datePublished":"2021-04-26T11:55:34+00:00","dateModified":"2021-05-20T13:40:30+00:00","breadcrumb":{"@id":"https:\/\/attilaszekely.com\/es\/areas-de-derecho\/#breadcrumb"},"inLanguage":"es","potentialAction":[{"@type":"ReadAction","target":["https:\/\/attilaszekely.com\/es\/areas-de-derecho\/"]}]},{"@type":"ImageObject","inLanguage":"es","@id":"https:\/\/attilaszekely.com\/es\/areas-de-derecho\/#primaryimage","url":"https:\/\/attilaszekely.com\/wp-content\/uploads\/2021\/05\/vallalatfelvasarlas-szekelylegal.jpg","contentUrl":"https:\/\/attilaszekely.com\/wp-content\/uploads\/2021\/05\/vallalatfelvasarlas-szekelylegal.jpg"},{"@type":"BreadcrumbList","@id":"https:\/\/attilaszekely.com\/es\/areas-de-derecho\/#breadcrumb","itemListElement":[{"@type":"ListItem","position":1,"name":"Home","item":"https:\/\/attilaszekely.com\/en\/"},{"@type":"ListItem","position":2,"name":"\u00c1reas de derecho"}]},{"@type":"WebSite","@id":"https:\/\/attilaszekely.com\/#website","url":"https:\/\/attilaszekely.com\/","name":"Attila Szekely Legal","description":"Az \u00fcgyv\u00e9dem megoldja","potentialAction":[{"@type":"SearchAction","target":{"@type":"EntryPoint","urlTemplate":"https:\/\/attilaszekely.com\/?s={search_term_string}"},"query-input":{"@type":"PropertyValueSpecification","valueRequired":true,"valueName":"search_term_string"}}],"inLanguage":"es"}]}},"_links":{"self":[{"href":"https:\/\/attilaszekely.com\/es\/wp-json\/wp\/v2\/pages\/196","targetHints":{"allow":["GET"]}}],"collection":[{"href":"https:\/\/attilaszekely.com\/es\/wp-json\/wp\/v2\/pages"}],"about":[{"href":"https:\/\/attilaszekely.com\/es\/wp-json\/wp\/v2\/types\/page"}],"author":[{"embeddable":true,"href":"https:\/\/attilaszekely.com\/es\/wp-json\/wp\/v2\/users\/5"}],"replies":[{"embeddable":true,"href":"https:\/\/attilaszekely.com\/es\/wp-json\/wp\/v2\/comments?post=196"}],"version-history":[{"count":0,"href":"https:\/\/attilaszekely.com\/es\/wp-json\/wp\/v2\/pages\/196\/revisions"}],"wp:attachment":[{"href":"https:\/\/attilaszekely.com\/es\/wp-json\/wp\/v2\/media?parent=196"}],"curies":[{"name":"wp","href":"https:\/\/api.w.org\/{rel}","templated":true}]}}